{"id":147,"date":"2019-01-07T17:31:05","date_gmt":"2019-01-07T17:31:05","guid":{"rendered":"http:\/\/icom-serbia.icom.cust.oxymium.net\/o-nama\/icom-international\/"},"modified":"2019-01-07T17:34:31","modified_gmt":"2019-01-07T17:34:31","slug":"icom-international","status":"publish","type":"page","link":"https:\/\/icom-serbia.mini.icom.museum\/en\/o-nama\/icom-international\/","title":{"rendered":"ICOM International"},"content":{"rendered":"<div id=\"RTE_CONTENT\"> <!--TYPO3SEARCH_begin--> \t<!--  CONTENT ELEMENT, uid:18605\/textpic [begin] --> \t\t<\/p>\n<div id=\"c18605\"> \t\t<!--  Image block: [begin] --> \t\t\t<\/p>\n<div> \t\t<!--  Text: [begin] --> \t\t\t<\/p>\n<p>\u00a0<\/p>\n<p><span>ICOM &#8211; <b>International Council of Museums<\/b> &#8211; Me\u0111unarodni savet muzeja je neprofitna, nevladina, me\u0111unarodna organizacija osnovana 1946. godine u sistemu Organizacija ujedinjenih nacija za obrazovanje, nauku i kulturu UNESKO.<\/span><\/p>\n<p>\u00a0<\/p>\n<p><img decoding=\"async\" src=\"http:\/\/icom-serbia.mini.icom.museum\/wp-content\/uploads\/sites\/44\/2019\/01\/RTEmagicC_ICOM-Logo-global-En_07.jpg.jpg\" alt=\"\"><\/p>\n<p>\u00a0<\/p>\n<p><span>ICOM je me\u0111unarodna organizacija muzeja i muzejskih profesionalaca posve\u0107enih o\u010duvanju, za\u0161titi i predstavljanju svetskog prirodnog i kulturnog nasle\u0111a, sada\u0161njeg i budu\u0107eg, materijalnog i nematerijalnog naj\u0161irem dru\u0161tvu.<\/span><\/p>\n<p><span>ICOM predstavlja mre\u017eu od 32.000 \u010dlanova iz 172 zemlje sveta, 117 nacionalnih komiteta i 31 internacionalna komiteta posve\u0107enih razli\u010ditim aspektima muzejskog rada i za\u0161tite kulturnog nasle\u0111a.\u00a0 \u00a0<\/span><\/p>\n<p><span>Aktivnosti Me\u0111unarodnog saveta su usmerene na izazove sa kojima se susre\u0107u muzejski profesionalci tokom rada, kao i na njihove potrebe:<\/span><\/p>\n<p><span>\u2022\u00a0\u00a0 \u00a0saradnja i komunikacija profesionalaca<\/span><\/p>\n<p><span>\u2022\u00a0\u00a0 \u00a0\u0161irenje znanja i informisanje javnosti<\/span><\/p>\n<p><span>\u2022\u00a0\u00a0 \u00a0trening profesionalaca<\/span><\/p>\n<p><span>\u2022\u00a0\u00a0 \u00a0razvoj profesionalnih standarda<\/span><\/p>\n<p><span>\u2022\u00a0\u00a0 \u00a0promovisanje profesionalne etike<\/span><\/p>\n<p><span>\u2022\u00a0\u00a0 \u00a0o\u010duvanje kulturnog nasle\u0111a<\/span><\/p>\n<p><span>\u2022\u00a0\u00a0 \u00a0borba protiv ilegalne trgovine<\/span><\/p>\n<p><span>Me\u0111unarodni savet muzeja ima 3 zvani\u010dna jezika, i to su engleski, francuski i \u0161panski jezik.<\/span><\/p>\n<p><span>Vi\u0161e informacija mo\u017eete na\u0107i na adresi:\u00a0<a href=\"http:\/\/icom.museum.html\/\" target=\"_blank\"><span>http:\/\/icom.museum.html\/<\/span><\/a><\/span><\/p>\n<p><span>\u00a0<\/span><\/p>\n<p><span>\u00a0<\/span><\/p>\n<p><b><span>PROGRAMI ME\u0110UNARODNOG SAVETA MUZEJA<\/span><\/b><\/p>\n<p><span>ICOM je u slu\u017ebi dru\u0161tva i njegovog razvoja. Posve\u0107en je za\u0161titi, konzervaciji i prezentaciji kulturnih dobara. U sprovo\u0111enju ovih programa ICOM se oslanja na mre\u017eu profesionalaca iz nacionalnih i me\u0111unarodnih komiteta i predstavlja jedinu me\u0111unarodnu organizaciju koja mo\u017ee u kratkom roku da pokrene renomirane svetske stru\u010dnjake.<\/span><\/p>\n<p><span>Programi ICOM-a:<\/span><\/p>\n<p><span>\u2022\u00a0\u00a0 \u00a0Borba protiv ilegalne trgovine kulturnim dobrima<\/span><\/p>\n<p><span>\u2022\u00a0\u00a0 \u00a0Medijacija u umetnosti i kulturnom nasle\u0111u<\/span><\/p>\n<p><span>\u2022\u00a0\u00a0 \u00a0Program za vanredne situacije u muzejima<\/span><\/p>\n<p><span>\u2022\u00a0\u00a0 \u00a0Nematerijalno nasle\u0111e<\/span><\/p>\n<p><span>\u2022\u00a0\u00a0 \u00a0Kulturni turizam<\/span><\/p>\n<p><span>\u00a0Vi\u0161e informacija o programima ICOM \u2013a mo\u017eete na\u0107i na adresi: <a href=\"http:\/\/icom.museum\/what-we-do\/programmes.html\/\" target=\"_blank\">icom.museum\/what-we-do\/programmes.html\/<\/a><\/span><\/p>\n<p><span>\u00a0<\/span><\/p>\n<p><span>\u00a0<\/span><b><span>MISIJA ICOM-a<\/span><\/b><span><\/span><\/p>\n<p><span>Me\u0111unarodni savet muzeja je posve\u0107en dru\u0161tvu, njegovom razvoju i za\u0161titi kulturnog nasle\u0111a.<\/span><\/p>\n<p><span>1 USPOSTAVLJANJE VRHUNSKIH STANDARDA za dizajn, upravljanje i organizaciju zbirki u muzejima. ICOM Eti\u010dki kodeks predstavlja referencu u svetskoj muzejskoj zajednici i odre\u0111uje minimalne i osnovne standarde profesionalne prakse i rada za muzeje i njihove zaposlene. U\u010dlanjivanjem u organizaciju, svaka osoba preuzima na sebe odgovornost da po\u0161tuje Kodeks i sprovodi njegova na\u010dela u svakodnevnom radu.<\/span><\/p>\n<p><span>2 VO\u0110ENJE DIPLOMATSKOG FORUMA Me\u0111unarodni savet muzeja predstavlja\u00a0 diplomatsko telo sastavljeno od profesionalaca iz 137 zemalja sveta.<\/span><\/p>\n<p><span>3 RAZVOJ MRE\u017dE PROFESIONALACA od skoro 30 000 muzejskih stru\u010dnjaka i institucija.<\/span><\/p>\n<p><span>4 RAZVOJ MUZEOLOGIJE kroz rad 31.og me\u0111unarodnog komiteta posve\u0107enih razvoju razli\u010ditih segmenta muzejskog rada.<\/span><\/p>\n<p><span>5 ME\u0110UNARODNE MISIJE se sprovode u saradnji sa razli\u010ditim partnerima (UNESCO, INTERPOL, WCO, ECOSOC, ICCROM, WIPO, ICBS, ICOMOS, IFLA, CCAAA):<\/span><\/p>\n<p><span>\u2022\u00a0\u00a0 \u00a0Borba protiv ilegalne trgovine kulturnim dobrima<\/span><\/p>\n<p><span>\u2022\u00a0\u00a0 \u00a0Upravljanje rizicima<\/span><\/p>\n<p><span>\u2022\u00a0\u00a0 \u00a0Promocija znanja i kulture<\/span><\/p>\n<p><span>\u2022\u00a0\u00a0 \u00a0Za\u0161tita materijalnog i nematerijalnog nasle\u0111a<\/span><\/p>\n<p><span>Vi\u0161e informacija o misiji mo\u017eete na\u0107i adresi: <a href=\"http:\/\/icom.museum\/who-we-are\/the-organisation\/icom-missions.html\/\" target=\"_blank\">icom.museum\/who-we-are\/the-organisation\/icom-missions.html\/<\/a><\/span><\/p>\n<p><span>\u00a0<\/span><\/p>\n<p><b><span>STRUKTURA ICOM-a<\/span><\/b><\/p>\n<p><span>1.\u00a0\u00a0 \u00a0NACIONALNI KOMITETI predstavljaju osnovnu organizacionu jedinicu Me\u0111unarodnog saveta muzeja, zastupaju ideje, standarde i aktivnosti ICOM-a na nacionalnom nivou, i posreduju u procesu uklju\u010divanja pojedinaca u aktivnosti ICOM-a.<\/span><\/p>\n<p><span>2.\u00a0\u00a0 \u00a0REGIONALNE ALIJANSE okupljaju nacionalne komitete razli\u010ditih regiona (Pacifik, Zapadna Afrika, Centralna Afrika, Evropa, Jugoisto\u010dna Evropa, Bliski istok, Ju\u017ena Amerika, Karibi) radi koordinacije aktivnosti i projekata i ja\u010danja uticaja.<\/span><\/p>\n<p><span>3.\u00a0\u00a0 \u00a0ME\u0110UNARODNI KOMITETI spajaju svetske profesionalace razli\u010ditih profila, posve\u0107ene razvoju odre\u0111enih segmenata muzeologije. Misija me\u0111unarodnih komiteta je razmena znanja izme\u0111u profesionalaca, uspostavljanje me\u0111unarodne saradnje, razvoj standarda, usvajanje op\u0161tih pravila i preporuka, izdavanje referentnih radova.<\/span><\/p>\n<p><span>4.\u00a0\u00a0 \u00a0PRIDRU\u017dENE ORGANIZACIJE su organizacije posve\u0107ene muzejima u odre\u0111enim regionima. Ove organizacije u\u010destvuju u aktivnostima ICOM-a ali zadr\u017eavaju svoju autonomiju.<\/span><\/p>\n<p><span>5.\u00a0\u00a0 \u00a0TEHNI\u010cKI KOMITETI istra\u017euju i sastavljaju izve\u0161taje o na\u010dinu funkcionisanja me\u0111unarodnog saveta muzeja.<\/span><\/p>\n<p> \t\t<!--  Text: [end] --> \t\t\t<\/div>\n<p> \t\t<!--  Image block: [end] --> \t\t\t   \t<!--  \t\tBEGIN: Content of extension \"hpo_relatedlink\", plugin \"tx_hporelatedlink_pi1\"  \t--> \t<\/p>\n<div> \t\t \t<\/div>\n<p> \t \t<!-- END: Content of extension \"hpo_relatedlink\", plugin \"tx_hporelatedlink_pi1\" -->  \t<\/div>\n<p> \t<!--  CONTENT ELEMENT, uid:18605\/textpic [end] --> \t\t<!--TYPO3SEARCH_end--> <\/div>\n","protected":false},"excerpt":{"rendered":"<p>\u00a0 ICOM &#8211; International Council of Museums &#8211; Me\u0111unarodni savet muzeja je neprofitna, nevladina, me\u0111unarodna organizacija osnovana 1946. godine u sistemu Organizacija ujedinjenih nacija za obrazovanje, nauku i kulturu UNESKO. \u00a0 \u00a0 ICOM je me\u0111unarodna organizacija muzeja i muzejskih profesionalaca posve\u0107enih o\u010duvanju, za\u0161titi i predstavljanju svetskog prirodnog i kulturnog nasle\u0111a, sada\u0161njeg i budu\u0107eg, materijalnog i [&hellip;]<\/p>\n","protected":false},"author":1,"featured_media":0,"parent":129,"menu_order":0,"comment_status":"closed","ping_status":"closed","template":"","meta":{"footnotes":""},"yst_prominent_words":[],"class_list":["post-147","page","type-page","status-publish","hentry"],"acf":[],"_links":{"self":[{"href":"https:\/\/icom-serbia.mini.icom.museum\/en\/wp-json\/wp\/v2\/pages\/147","targetHints":{"allow":["GET"]}}],"collection":[{"href":"https:\/\/icom-serbia.mini.icom.museum\/en\/wp-json\/wp\/v2\/pages"}],"about":[{"href":"https:\/\/icom-serbia.mini.icom.museum\/en\/wp-json\/wp\/v2\/types\/page"}],"author":[{"embeddable":true,"href":"https:\/\/icom-serbia.mini.icom.museum\/en\/wp-json\/wp\/v2\/users\/1"}],"replies":[{"embeddable":true,"href":"https:\/\/icom-serbia.mini.icom.museum\/en\/wp-json\/wp\/v2\/comments?post=147"}],"version-history":[{"count":1,"href":"https:\/\/icom-serbia.mini.icom.museum\/en\/wp-json\/wp\/v2\/pages\/147\/revisions"}],"predecessor-version":[{"id":474,"href":"https:\/\/icom-serbia.mini.icom.museum\/en\/wp-json\/wp\/v2\/pages\/147\/revisions\/474"}],"up":[{"embeddable":true,"href":"https:\/\/icom-serbia.mini.icom.museum\/en\/wp-json\/wp\/v2\/pages\/129"}],"wp:attachment":[{"href":"https:\/\/icom-serbia.mini.icom.museum\/en\/wp-json\/wp\/v2\/media?parent=147"}],"wp:term":[{"taxonomy":"yst_prominent_words","embeddable":true,"href":"https:\/\/icom-serbia.mini.icom.museum\/en\/wp-json\/wp\/v2\/yst_prominent_words?post=147"}],"curies":[{"name":"wp","href":"https:\/\/api.w.org\/{rel}","templated":true}]}}