{"id":153,"date":"2019-01-07T17:31:07","date_gmt":"2019-01-07T17:31:07","guid":{"rendered":"http:\/\/icom-serbia.icom.cust.oxymium.net\/o-nama\/icom-srbija\/"},"modified":"2019-01-07T17:34:30","modified_gmt":"2019-01-07T17:34:30","slug":"icom-srbija","status":"publish","type":"page","link":"https:\/\/icom-serbia.mini.icom.museum\/en\/o-nama\/icom-srbija\/","title":{"rendered":"ICOM Srbija"},"content":{"rendered":"<div id=\"RTE_CONTENT\"> <!--TYPO3SEARCH_begin--> \t<!--  CONTENT ELEMENT, uid:18606\/textpic [begin] --> \t\t<\/p>\n<div id=\"c18606\"> \t\t<!--  Image block: [begin] --> \t\t\t<\/p>\n<div> \t\t<!--  Text: [begin] --> \t\t\t<\/p>\n<p><span>ICOM Srbija je nacionalni ogranak ICOM-a u Republici Srbiji, predstavlja put ka globalnoj muzejskoj zajednici i jedino je muzejsko udru\u017eenje sa fokusom na me\u0111unarodnoj saradnji. Nacionalni komitet omogu\u0107ava pristup ka 20.000 muzeja u 172 zemlje, kao i saradnju sa 32.000 muzejskih profesionalaca \u0161irom sveta i 31 stru\u010dnim odborom. <\/span><\/p>\n<p>\u00a0<\/p>\n<p><span>ICOM Srbija promovi\u0161e nematerijalno nasle\u0111e i o\u010duvanje materijalne ba\u0161tine. Razvija standarde najbolje prakse svetske muzejske zajednice i kroz globalni pristup i programe, doprinosi me\u0111unarodnoj agendi muzeja u Srbiji.<\/span><\/p>\n<p>\u00a0<\/p>\n<p><img decoding=\"async\" src=\"http:\/\/icom-serbia.mini.icom.museum\/wp-content\/uploads\/sites\/44\/2019\/01\/RTEmagicC_ICOM_Srbija_galerija_01.jpg.jpg\" alt=\"\"><\/p>\n<p>\u00a0<\/p>\n<p> \t\t<!--  Text: [end] --> \t\t\t<\/div>\n<p> \t\t<!--  Image block: [end] --> \t\t\t   \t<!--  \t\tBEGIN: Content of extension \"hpo_relatedlink\", plugin \"tx_hporelatedlink_pi1\"  \t--> \t<\/p>\n<div> \t\t \t<\/div>\n<p> \t \t<!-- END: Content of extension \"hpo_relatedlink\", plugin \"tx_hporelatedlink_pi1\" -->  \t<\/div>\n<p> \t<!--  CONTENT ELEMENT, uid:18606\/textpic [end] --> \t\t<!--TYPO3SEARCH_end--> <\/div>\n","protected":false},"excerpt":{"rendered":"<p>ICOM Srbija je nacionalni ogranak ICOM-a u Republici Srbiji, predstavlja put ka globalnoj muzejskoj zajednici i jedino je muzejsko udru\u017eenje sa fokusom na me\u0111unarodnoj saradnji. Nacionalni komitet omogu\u0107ava pristup ka 20.000 muzeja u 172 zemlje, kao i saradnju sa 32.000 muzejskih profesionalaca \u0161irom sveta i 31 stru\u010dnim odborom. \u00a0 ICOM Srbija promovi\u0161e nematerijalno nasle\u0111e i [&hellip;]<\/p>\n","protected":false},"author":1,"featured_media":0,"parent":129,"menu_order":1,"comment_status":"closed","ping_status":"closed","template":"","meta":{"footnotes":""},"yst_prominent_words":[],"class_list":["post-153","page","type-page","status-publish","hentry"],"acf":[],"_links":{"self":[{"href":"https:\/\/icom-serbia.mini.icom.museum\/en\/wp-json\/wp\/v2\/pages\/153","targetHints":{"allow":["GET"]}}],"collection":[{"href":"https:\/\/icom-serbia.mini.icom.museum\/en\/wp-json\/wp\/v2\/pages"}],"about":[{"href":"https:\/\/icom-serbia.mini.icom.museum\/en\/wp-json\/wp\/v2\/types\/page"}],"author":[{"embeddable":true,"href":"https:\/\/icom-serbia.mini.icom.museum\/en\/wp-json\/wp\/v2\/users\/1"}],"replies":[{"embeddable":true,"href":"https:\/\/icom-serbia.mini.icom.museum\/en\/wp-json\/wp\/v2\/comments?post=153"}],"version-history":[{"count":1,"href":"https:\/\/icom-serbia.mini.icom.museum\/en\/wp-json\/wp\/v2\/pages\/153\/revisions"}],"predecessor-version":[{"id":473,"href":"https:\/\/icom-serbia.mini.icom.museum\/en\/wp-json\/wp\/v2\/pages\/153\/revisions\/473"}],"up":[{"embeddable":true,"href":"https:\/\/icom-serbia.mini.icom.museum\/en\/wp-json\/wp\/v2\/pages\/129"}],"wp:attachment":[{"href":"https:\/\/icom-serbia.mini.icom.museum\/en\/wp-json\/wp\/v2\/media?parent=153"}],"wp:term":[{"taxonomy":"yst_prominent_words","embeddable":true,"href":"https:\/\/icom-serbia.mini.icom.museum\/en\/wp-json\/wp\/v2\/yst_prominent_words?post=153"}],"curies":[{"name":"wp","href":"https:\/\/api.w.org\/{rel}","templated":true}]}}