{"id":155,"date":"2019-01-07T17:31:09","date_gmt":"2019-01-07T17:31:09","guid":{"rendered":"http:\/\/icom-serbia.icom.cust.oxymium.net\/o-nama\/uprava\/"},"modified":"2019-01-07T17:34:30","modified_gmt":"2019-01-07T17:34:30","slug":"uprava","status":"publish","type":"page","link":"https:\/\/icom-serbia.mini.icom.museum\/en\/o-nama\/uprava\/","title":{"rendered":"UPRAVA"},"content":{"rendered":"<div id=\"RTE_CONTENT\"> <!--TYPO3SEARCH_begin--> \t<!--  CONTENT ELEMENT, uid:18607\/textpic [begin] --> \t\t<\/p>\n<div id=\"c18607\"> \t\t<!--  Image block: [begin] --> \t\t\t<\/p>\n<div> \t\t<!--  Text: [begin] --> \t\t\t<\/p>\n<p><b>PREDSEDNIK<\/b>\u00a0 <\/p>\n<p>Slavko SPASI\u0106 <\/p>\n<p>Zavod za prou\u010davanje kulturnog razvitka, Beograd <\/p>\n<p><a href=\"mailto:spasics@gmail.com\" title=\"Opens window for sending email\">spasics@gmail.com<\/a>\u00a0\u00a0 <\/p>\n<p><span>\u00a0<\/span><\/p>\n<p><b>POTPREDSEDNIK <\/b> <\/p>\n<p>Tamara OGNJEVI\u0106 <\/p>\n<p>Artis centar, Beograd <\/p>\n<p><a href=\"mailto:tamara.ognjevic@artiscenter.com\" title=\"Opens window for sending email\">tamara.ognjevic@artiscenter.com<\/a> <\/p>\n<p><b>\u00a0<\/b><\/p>\n<p><b>IZVR\u0160NI ODBOR<\/b><\/p>\n<p>\u00a0<\/p>\n<p>1.\u00a0\u00a0 Biljana \u0110OR\u0110EVI\u0106\u00a0 \u00a0 \u00a0 <\/p>\n<p>\u00a0\u00a0\u00a0\u00a0\u00a0 Narodni muzej, Beograd\u00a0\u00a0\u00a0\u00a0\u00a0  <\/p>\n<p>\u00a0\u00a0\u00a0\u00a0 \u00a0<a href=\"mailto:b.djordjevic@narodnimuzej.rs\" title=\"Opens window for sending email\">b.djordjevic@narodnimuzej.rs<\/a> <\/p>\n<p>\u00a0\u00a0 <br \/><span>2.<span>\u00a0\u00a0\u00a0 <\/span><\/span><span>Veroljub TRAJKOVI\u0106<\/span> <\/p>\n<p><span><span>\u00a0\u00a0\u00a0\u00a0 \u00a0 Narodni muzej,\u00a0Leskovac<\/span><\/span> <\/p>\n<p><span><span>\u00a0\u00a0 \u00a0 \u00a0 <\/span><\/span><span><span><span><a href=\"mailto:trajkovicveroljub@gmail.com\" title=\"Opens window for sending email\">trajkovicveroljub@gmail.com<\/a><\/span><\/span><\/span><br \/><span><\/span> <\/p>\n<p>\u00a0<br \/>3. \u00a0 Nikola KRSTOVI\u0106 <\/p>\n<p>\u00a0 \u00a0 \u00a0 Centar za muzeologiju i heritologiju Filozofskog fakulteta u Beogradu\u200b <\/p>\n<p>\u00a0 \u00a0 \u00a0 <a href=\"mailto:nkrstovic2012@gmail.com\" title=\"Opens window for sending email\">nkrstovic2012@gmail.com<\/a> <\/p>\n<p>\u00a0<\/p>\n<p>4.\u00a0 Nikola KILIBARDA  <\/p>\n<p>\u00a0\u00a0\u00a0\u00a0 Narodni muzej u Beogradu\u00a0\u00a0  <\/p>\n<p>\u00a0 \u00a0 \u00a0<a href=\"mailto:n.kilibarda@narodnimuzej.rs\" title=\"Opens window for sending email\">n.kilibarda@narodnimuzej.rs\u00a0<\/a> <\/p>\n<p><b>NADZORNI ODBOR<\/b><span>\u00a0u sastavu:<\/span><\/p>\n<p><span>1.<span>\u00a0\u00a0\u00a0 <\/span><\/span><span>Filip BRUSI\u0106, pravnik<\/span><\/p>\n<p><span>2.<span>\u00a0\u00a0\u00a0 <\/span><\/span><span>Jasna JOVANOV, istori\u010dar umetnosti<\/span><\/p>\n<p><span>3.\u00a0 <\/span><span>Sre\u0107ko SAVI\u0106, pravnik<\/span><\/p>\n<ul type=\"disc\"><\/ul>\n<ul type=\"disc\"><\/ul>\n<p> <!--  Text: [end] --> <\/div>\n<p> \t\t<!--  Image block: [end] --> \t\t\t   \t<!--  \t\tBEGIN: Content of extension \"hpo_relatedlink\", plugin \"tx_hporelatedlink_pi1\"  \t--> \t<\/p>\n<div> \t\t \t<\/div>\n<p> \t \t<!-- END: Content of extension \"hpo_relatedlink\", plugin \"tx_hporelatedlink_pi1\" -->  \t<\/div>\n<p> \t<!--  CONTENT ELEMENT, uid:18607\/textpic [end] --> \t\t<!--TYPO3SEARCH_end--> <\/div>\n","protected":false},"excerpt":{"rendered":"<p>PREDSEDNIK\u00a0 Slavko SPASI\u0106 Zavod za prou\u010davanje kulturnog razvitka, Beograd spasics@gmail.com\u00a0\u00a0 \u00a0 POTPREDSEDNIK Tamara OGNJEVI\u0106 Artis centar, Beograd tamara.ognjevic@artiscenter.com \u00a0 IZVR\u0160NI ODBOR \u00a0 1.\u00a0\u00a0 Biljana \u0110OR\u0110EVI\u0106\u00a0 \u00a0 \u00a0 \u00a0\u00a0\u00a0\u00a0\u00a0 Narodni muzej, Beograd\u00a0\u00a0\u00a0\u00a0\u00a0 \u00a0\u00a0\u00a0\u00a0 \u00a0b.djordjevic@narodnimuzej.rs \u00a0\u00a0 2.\u00a0\u00a0\u00a0 Veroljub TRAJKOVI\u0106 \u00a0\u00a0\u00a0\u00a0 \u00a0 Narodni muzej,\u00a0Leskovac \u00a0\u00a0 \u00a0 \u00a0 trajkovicveroljub@gmail.com \u00a03. \u00a0 Nikola KRSTOVI\u0106 \u00a0 \u00a0 \u00a0 Centar za muzeologiju [&hellip;]<\/p>\n","protected":false},"author":1,"featured_media":0,"parent":129,"menu_order":2,"comment_status":"closed","ping_status":"closed","template":"","meta":{"footnotes":""},"yst_prominent_words":[],"class_list":["post-155","page","type-page","status-publish","hentry"],"acf":[],"_links":{"self":[{"href":"https:\/\/icom-serbia.mini.icom.museum\/en\/wp-json\/wp\/v2\/pages\/155","targetHints":{"allow":["GET"]}}],"collection":[{"href":"https:\/\/icom-serbia.mini.icom.museum\/en\/wp-json\/wp\/v2\/pages"}],"about":[{"href":"https:\/\/icom-serbia.mini.icom.museum\/en\/wp-json\/wp\/v2\/types\/page"}],"author":[{"embeddable":true,"href":"https:\/\/icom-serbia.mini.icom.museum\/en\/wp-json\/wp\/v2\/users\/1"}],"replies":[{"embeddable":true,"href":"https:\/\/icom-serbia.mini.icom.museum\/en\/wp-json\/wp\/v2\/comments?post=155"}],"version-history":[{"count":1,"href":"https:\/\/icom-serbia.mini.icom.museum\/en\/wp-json\/wp\/v2\/pages\/155\/revisions"}],"predecessor-version":[{"id":472,"href":"https:\/\/icom-serbia.mini.icom.museum\/en\/wp-json\/wp\/v2\/pages\/155\/revisions\/472"}],"up":[{"embeddable":true,"href":"https:\/\/icom-serbia.mini.icom.museum\/en\/wp-json\/wp\/v2\/pages\/129"}],"wp:attachment":[{"href":"https:\/\/icom-serbia.mini.icom.museum\/en\/wp-json\/wp\/v2\/media?parent=155"}],"wp:term":[{"taxonomy":"yst_prominent_words","embeddable":true,"href":"https:\/\/icom-serbia.mini.icom.museum\/en\/wp-json\/wp\/v2\/yst_prominent_words?post=155"}],"curies":[{"name":"wp","href":"https:\/\/api.w.org\/{rel}","templated":true}]}}