{"id":157,"date":"2019-01-07T17:31:10","date_gmt":"2019-01-07T17:31:10","guid":{"rendered":"http:\/\/icom-serbia.icom.cust.oxymium.net\/o-nama\/radna-tela\/"},"modified":"2019-01-07T17:34:30","modified_gmt":"2019-01-07T17:34:30","slug":"radna-tela","status":"publish","type":"page","link":"https:\/\/icom-serbia.mini.icom.museum\/en\/o-nama\/radna-tela\/","title":{"rendered":"RADNA TELA"},"content":{"rendered":"<div id=\"RTE_CONTENT\"> <!--TYPO3SEARCH_begin--> \t<!--  CONTENT ELEMENT, uid:18608\/textpic [begin] --> \t\t<\/p>\n<div id=\"c18608\"> \t\t<!--  Image block: [begin] --> \t\t\t<\/p>\n<div> \t\t<!--  Text: [begin] --> \t\t\t<\/p>\n<p><b>KOMISIJA ZA DODELJIVANJE NAGRADE<\/b><span>\u00a0<\/span><\/p>\n<ul type=\"disc\">\n<li><span>Julka KUZMANOVI\u0106\u00ad-CVETKOVI\u0106, Narodni muzej Toplice, Prokuplje<br \/><\/span><\/li>\n<li><span>Veselinka KASTRATOVI\u0106, Muzej Jugoslavije, Beograd<\/span><\/li>\n<li> <span>Dragana EREMI\u0106, <\/span><span>Narodni muzej u Beogradu<\/span> <\/li>\n<\/ul>\n<p>\u00a0<\/p>\n<p><b>KOMISIJA ZA ORGANIZOVANJE SEMINARA I SAVETOVANJE<\/b><\/p>\n<ul type=\"disc\">\n<li><span><span>Vesna DU\u0160KOVI\u0106,\u00a0 Etnografski muzej u Beogradu<\/span><br \/><\/span><\/li>\n<li><span>Anita GRUBI\u0106, Prirodnja\u010dki muzej u Beogradu<\/span><\/li>\n<li>Gordana GAJI\u0106, Spomen-zbirka Pavla Beljanskog, Novi Sad\/ HeriTag, In\u0111ija<\/li>\n<\/ul>\n<p>\u00a0<\/p>\n<p>\u00a0<b>ETI\u010cKI ODBOR<\/b> <\/p>\n<ul type=\"disc\">\n<li><span>Slavica KRUNI\u0106, Muzej grada Beograda<\/span><\/li>\n<li><span>Lidija HAM, Narodni muzej u Beogradu<\/span><\/li>\n<li><span>Nade\u017eda SAMARD\u017dI\u0106, Vojni muzej, Beograd<\/span><\/li>\n<\/ul>\n<p>\u00a0<\/p>\n<p><b>URE\u0110IVA\u010cKI ODBOR\u00a0<\/b><span>\u010dasopisa NK ICOM Srbije<\/span><\/p>\n<ul type=\"disc\">\n<li>Jelena OGNJANOVI\u0106, Galerija Matice srpske, Novi Sad<\/li>\n<li>Sara SOPI\u0106, Muzej Jugoslavije, Beograd<\/li>\n<li>Zorana DRA\u0160KOVI\u0106 KOVA\u010cEVI\u0106, Narodni muzej Kru\u0161evac<\/li>\n<li>Angelina BANKOVI\u0106, Muzej grada Beograda<\/li>\n<\/ul>\n<p>\u00a0<\/p>\n<p><span>\u00a0<\/span><\/p>\n<ul type=\"disc\"><\/ul>\n<p> <!--  Text: [end] --> <\/div>\n<p> \t\t<!--  Image block: [end] --> \t\t\t   \t<!--  \t\tBEGIN: Content of extension \"hpo_relatedlink\", plugin \"tx_hporelatedlink_pi1\"  \t--> \t<\/p>\n<div> \t\t \t<\/div>\n<p> \t \t<!-- END: Content of extension \"hpo_relatedlink\", plugin \"tx_hporelatedlink_pi1\" -->  \t<\/div>\n<p> \t<!--  CONTENT ELEMENT, uid:18608\/textpic [end] --> \t\t<!--TYPO3SEARCH_end--> <\/div>\n","protected":false},"excerpt":{"rendered":"<p>KOMISIJA ZA DODELJIVANJE NAGRADE\u00a0 Julka KUZMANOVI\u0106\u00ad-CVETKOVI\u0106, Narodni muzej Toplice, Prokuplje Veselinka KASTRATOVI\u0106, Muzej Jugoslavije, Beograd Dragana EREMI\u0106, Narodni muzej u Beogradu \u00a0 KOMISIJA ZA ORGANIZOVANJE SEMINARA I SAVETOVANJE Vesna DU\u0160KOVI\u0106,\u00a0 Etnografski muzej u Beogradu Anita GRUBI\u0106, Prirodnja\u010dki muzej u Beogradu Gordana GAJI\u0106, Spomen-zbirka Pavla Beljanskog, Novi Sad\/ HeriTag, In\u0111ija \u00a0 \u00a0ETI\u010cKI ODBOR Slavica KRUNI\u0106, Muzej [&hellip;]<\/p>\n","protected":false},"author":1,"featured_media":0,"parent":129,"menu_order":3,"comment_status":"closed","ping_status":"closed","template":"","meta":{"footnotes":""},"yst_prominent_words":[],"class_list":["post-157","page","type-page","status-publish","hentry"],"acf":[],"_links":{"self":[{"href":"https:\/\/icom-serbia.mini.icom.museum\/en\/wp-json\/wp\/v2\/pages\/157","targetHints":{"allow":["GET"]}}],"collection":[{"href":"https:\/\/icom-serbia.mini.icom.museum\/en\/wp-json\/wp\/v2\/pages"}],"about":[{"href":"https:\/\/icom-serbia.mini.icom.museum\/en\/wp-json\/wp\/v2\/types\/page"}],"author":[{"embeddable":true,"href":"https:\/\/icom-serbia.mini.icom.museum\/en\/wp-json\/wp\/v2\/users\/1"}],"replies":[{"embeddable":true,"href":"https:\/\/icom-serbia.mini.icom.museum\/en\/wp-json\/wp\/v2\/comments?post=157"}],"version-history":[{"count":1,"href":"https:\/\/icom-serbia.mini.icom.museum\/en\/wp-json\/wp\/v2\/pages\/157\/revisions"}],"predecessor-version":[{"id":471,"href":"https:\/\/icom-serbia.mini.icom.museum\/en\/wp-json\/wp\/v2\/pages\/157\/revisions\/471"}],"up":[{"embeddable":true,"href":"https:\/\/icom-serbia.mini.icom.museum\/en\/wp-json\/wp\/v2\/pages\/129"}],"wp:attachment":[{"href":"https:\/\/icom-serbia.mini.icom.museum\/en\/wp-json\/wp\/v2\/media?parent=157"}],"wp:term":[{"taxonomy":"yst_prominent_words","embeddable":true,"href":"https:\/\/icom-serbia.mini.icom.museum\/en\/wp-json\/wp\/v2\/yst_prominent_words?post=157"}],"curies":[{"name":"wp","href":"https:\/\/api.w.org\/{rel}","templated":true}]}}