{"id":159,"date":"2019-01-07T17:31:12","date_gmt":"2019-01-07T17:31:12","guid":{"rendered":"http:\/\/icom-serbia.icom.cust.oxymium.net\/o-nama\/kontakt\/"},"modified":"2019-01-07T17:34:30","modified_gmt":"2019-01-07T17:34:30","slug":"kontakt","status":"publish","type":"page","link":"https:\/\/icom-serbia.mini.icom.museum\/en\/o-nama\/kontakt\/","title":{"rendered":"KONTAKT"},"content":{"rendered":"<div id=\"RTE_CONTENT\"> <!--TYPO3SEARCH_begin--> \t<!--  CONTENT ELEMENT, uid:18609\/textpic [begin] --> \t\t<\/p>\n<div id=\"c18609\"> \t\t<!--  Image block: [begin] --> \t\t\t<\/p>\n<div> \t\t<!--  Text: [begin] --> \t\t\t<\/p>\n<p><b>SEKRETAR<\/b><span>\u00a0Nacionalnog komiteta NK ICOM-a Srbije<\/span><\/p>\n<p>\u00a0<\/p>\n<p><b><span>Bojana SUBA\u0160I\u0106<\/span><\/b> <\/p>\n<p><span>Zavod za prou\u010davanje kulturnog razvitka<\/span> <\/p>\n<p><span>Rige od Fere 4<\/span> <\/p>\n<p><span>11000 Beograd<\/span> <\/p>\n<p><span>Tel: 011 2637 565<\/span><\/p>\n<p><span>Mob: 064 6158 423<\/span><\/p>\n<p><span>Fax: 011 2638 941<\/span> <\/p>\n<p><span><a href=\"mailto:icom.serbia@gmail.com\"><span>icom.serbia@gmail.com<\/span><\/a><\/span><span>\u00a0<\/span><\/p>\n<p> \t\t<!--  Text: [end] --> \t\t\t<\/div>\n<p> \t\t<!--  Image block: [end] --> \t\t\t   \t<!--  \t\tBEGIN: Content of extension \"hpo_relatedlink\", plugin \"tx_hporelatedlink_pi1\"  \t--> \t<\/p>\n<div> \t\t \t<\/div>\n<p> \t \t<!-- END: Content of extension \"hpo_relatedlink\", plugin \"tx_hporelatedlink_pi1\" -->  \t<\/div>\n<p> \t<!--  CONTENT ELEMENT, uid:18609\/textpic [end] --> \t\t<!--TYPO3SEARCH_end--> <\/div>\n","protected":false},"excerpt":{"rendered":"<p>SEKRETAR\u00a0Nacionalnog komiteta NK ICOM-a Srbije \u00a0 Bojana SUBA\u0160I\u0106 Zavod za prou\u010davanje kulturnog razvitka Rige od Fere 4 11000 Beograd Tel: 011 2637 565 Mob: 064 6158 423 Fax: 011 2638 941 icom.serbia@gmail.com\u00a0<\/p>\n","protected":false},"author":1,"featured_media":0,"parent":129,"menu_order":4,"comment_status":"closed","ping_status":"closed","template":"","meta":{"footnotes":""},"yst_prominent_words":[],"class_list":["post-159","page","type-page","status-publish","hentry"],"acf":[],"_links":{"self":[{"href":"https:\/\/icom-serbia.mini.icom.museum\/en\/wp-json\/wp\/v2\/pages\/159","targetHints":{"allow":["GET"]}}],"collection":[{"href":"https:\/\/icom-serbia.mini.icom.museum\/en\/wp-json\/wp\/v2\/pages"}],"about":[{"href":"https:\/\/icom-serbia.mini.icom.museum\/en\/wp-json\/wp\/v2\/types\/page"}],"author":[{"embeddable":true,"href":"https:\/\/icom-serbia.mini.icom.museum\/en\/wp-json\/wp\/v2\/users\/1"}],"replies":[{"embeddable":true,"href":"https:\/\/icom-serbia.mini.icom.museum\/en\/wp-json\/wp\/v2\/comments?post=159"}],"version-history":[{"count":1,"href":"https:\/\/icom-serbia.mini.icom.museum\/en\/wp-json\/wp\/v2\/pages\/159\/revisions"}],"predecessor-version":[{"id":470,"href":"https:\/\/icom-serbia.mini.icom.museum\/en\/wp-json\/wp\/v2\/pages\/159\/revisions\/470"}],"up":[{"embeddable":true,"href":"https:\/\/icom-serbia.mini.icom.museum\/en\/wp-json\/wp\/v2\/pages\/129"}],"wp:attachment":[{"href":"https:\/\/icom-serbia.mini.icom.museum\/en\/wp-json\/wp\/v2\/media?parent=159"}],"wp:term":[{"taxonomy":"yst_prominent_words","embeddable":true,"href":"https:\/\/icom-serbia.mini.icom.museum\/en\/wp-json\/wp\/v2\/yst_prominent_words?post=159"}],"curies":[{"name":"wp","href":"https:\/\/api.w.org\/{rel}","templated":true}]}}