{"id":193,"date":"2019-01-07T17:31:40","date_gmt":"2019-01-07T17:31:40","guid":{"rendered":"http:\/\/icom-serbia.icom.cust.oxymium.net\/dokumenta\/dokumenta-nacionalnog-komiteta-srbije\/"},"modified":"2019-01-07T17:34:29","modified_gmt":"2019-01-07T17:34:29","slug":"dokumenta-nacionalnog-komiteta-srbije","status":"publish","type":"page","link":"https:\/\/icom-serbia.mini.icom.museum\/en\/dokumenta\/dokumenta-nacionalnog-komiteta-srbije\/","title":{"rendered":"Dokumenta Nacionalnog komiteta Srbije"},"content":{"rendered":"<div id=\"RTE_CONTENT\"> <!--TYPO3SEARCH_begin--> \t<!--  CONTENT ELEMENT, uid:9773\/text [begin] --> \t\t<\/p>\n<div id=\"c9773\"> \t\t<!--  Header: [begin] --> \t\t\t<\/p>\n<h2>Dokumenta koja reguli\u0161u rad Nacionalnog komiteta <\/h2>\n<p> \t\t<!--  Header: [end] --> \t\t\t \t\t<!--  Text: [begin] --> \t\t\t<\/p>\n<p>Rad Nacionalnog komiteta ICOM Srbija je uslovljen <a href=\"http:\/\/icom.museum\/the-organisation\/icom-statutes\/\" title=\"Opens external link in new window\" target=\"_blank\">propisima Me\u0111unarodnog saveta muzeja<\/a> ali i zakonodavstvom Republike Srbije.<\/p>\n<p>Rad Nacionalnog komiteta je regulisan Statutom i nizom pravilnika koji su usvojeni od strane Skup\u0161tine, najvi\u0161eg organa upravljanja koji \u010dine svi \u010dlanovi komiteta:<\/p>\n<ul>\n<li> <a href=\"http:\/\/icom-serbia.mini.icom.museum\/wp-content\/uploads\/sites\/44\/2019\/01\/Statut_NK_ICOM_Srbija_2017_.pdf\" title=\"TEXT, STAUT nk icom SRBIJE, STAUT nk icom SRBIJE.pdf, 194 KB\">Statut <\/a>Nacionalnog komiteta ICOM Srbija.<\/li>\n<li> <a href=\"http:\/\/icom-serbia.mini.icom.museum\/wp-content\/uploads\/sites\/44\/2019\/01\/pravilnik_o_nadokandi_putnih_troskovap.pdf\" title=\"TEXT, pravilnik o nadokandi putnih troskovap, pravilnik_o_nadokandi_putnih_troskovap.pdf, 158 KB\">Pravilnik o naknadama putnih i drugih tro\u0161kova<\/a> \u010dlanova Nacionalnog komiteta ICOM-a i drugih fizi\u010dkih lica.<\/li>\n<li> <a href=\"http:\/\/icom-serbia.mini.icom.museum\/wp-content\/uploads\/sites\/44\/2019\/01\/PRAVILNIKA_O_NAGRADAMA_2016.pdf\" title=\"TEXT, PRAVILNIK O DODELJIVANJU NAGRADE NK ICOM-a SRBIJE 2012, PRAVILNIK_O_DODELJIVANJU_NAGRADE_NK_ICOM-a_SRBIJE_2012.pdf, 150 KB\">Pravilnik o dodeljivanju nagrada\u00a0<\/a>Nacionalnog komiteta ICOM Srbija.<\/li>\n<\/ul>\n<p> \t\t<!--  Text: [end] --> \t\t\t   \t<!--  \t\tBEGIN: Content of extension \"hpo_relatedlink\", plugin \"tx_hporelatedlink_pi1\"  \t--> \t<\/p>\n<div> \t\t \t<\/div>\n<p> \t \t<!-- END: Content of extension \"hpo_relatedlink\", plugin \"tx_hporelatedlink_pi1\" -->  \t<\/div>\n<p> \t<!--  CONTENT ELEMENT, uid:9773\/text [end] --> \t\t<!--TYPO3SEARCH_end--> <\/div>\n","protected":false},"excerpt":{"rendered":"<p>Dokumenta koja reguli\u0161u rad Nacionalnog komiteta Rad Nacionalnog komiteta ICOM Srbija je uslovljen propisima Me\u0111unarodnog saveta muzeja ali i zakonodavstvom Republike Srbije. Rad Nacionalnog komiteta je regulisan Statutom i nizom pravilnika koji su usvojeni od strane Skup\u0161tine, najvi\u0161eg organa upravljanja koji \u010dine svi \u010dlanovi komiteta: Statut Nacionalnog komiteta ICOM Srbija. Pravilnik o naknadama putnih i [&hellip;]<\/p>\n","protected":false},"author":1,"featured_media":0,"parent":135,"menu_order":0,"comment_status":"closed","ping_status":"closed","template":"","meta":{"footnotes":""},"yst_prominent_words":[],"class_list":["post-193","page","type-page","status-publish","hentry"],"acf":[],"_links":{"self":[{"href":"https:\/\/icom-serbia.mini.icom.museum\/en\/wp-json\/wp\/v2\/pages\/193","targetHints":{"allow":["GET"]}}],"collection":[{"href":"https:\/\/icom-serbia.mini.icom.museum\/en\/wp-json\/wp\/v2\/pages"}],"about":[{"href":"https:\/\/icom-serbia.mini.icom.museum\/en\/wp-json\/wp\/v2\/types\/page"}],"author":[{"embeddable":true,"href":"https:\/\/icom-serbia.mini.icom.museum\/en\/wp-json\/wp\/v2\/users\/1"}],"replies":[{"embeddable":true,"href":"https:\/\/icom-serbia.mini.icom.museum\/en\/wp-json\/wp\/v2\/comments?post=193"}],"version-history":[{"count":1,"href":"https:\/\/icom-serbia.mini.icom.museum\/en\/wp-json\/wp\/v2\/pages\/193\/revisions"}],"predecessor-version":[{"id":464,"href":"https:\/\/icom-serbia.mini.icom.museum\/en\/wp-json\/wp\/v2\/pages\/193\/revisions\/464"}],"up":[{"embeddable":true,"href":"https:\/\/icom-serbia.mini.icom.museum\/en\/wp-json\/wp\/v2\/pages\/135"}],"wp:attachment":[{"href":"https:\/\/icom-serbia.mini.icom.museum\/en\/wp-json\/wp\/v2\/media?parent=193"}],"wp:term":[{"taxonomy":"yst_prominent_words","embeddable":true,"href":"https:\/\/icom-serbia.mini.icom.museum\/en\/wp-json\/wp\/v2\/yst_prominent_words?post=193"}],"curies":[{"name":"wp","href":"https:\/\/api.w.org\/{rel}","templated":true}]}}