{"id":231,"date":"2019-01-07T17:32:10","date_gmt":"2019-01-07T17:32:10","guid":{"rendered":"http:\/\/icom-serbia.icom.cust.oxymium.net\/publikacije\/casopis-icom-srbija\/"},"modified":"2019-01-07T17:34:29","modified_gmt":"2019-01-07T17:34:29","slug":"casopis-icom-srbija","status":"publish","type":"page","link":"https:\/\/icom-serbia.mini.icom.museum\/en\/publikacije\/casopis-icom-srbija\/","title":{"rendered":"\u010casopis ICOM Srbija"},"content":{"rendered":"<div id=\"RTE_CONTENT\"> <!--TYPO3SEARCH_begin--> \t<!--  CONTENT ELEMENT, uid:9774\/textpic [begin] --> \t\t<\/p>\n<div id=\"c9774\"> \t\t<!--  Header: [begin] --> \t\t\t<\/p>\n<h2>\u010casopis Nacionalnog ICOM-a komiteta Srbije<\/h2>\n<p> \t\t<!--  Header: [end] --> \t\t\t \t\t<!--  Image block: [begin] --> \t\t\t<\/p>\n<div> \t\t<!--  Text: [begin] --> \t\t\t<\/p>\n<p>U decembru 2011. godine objavljen je prvi broj \u010dasopisa Nacionalnog komiteta ICOM Srbije. \u010casopis je tokom vremena menjao koncepte, ure\u0111iva\u010dke odbore, ali je ostao jedinstveno glasilo u regionu sa ciljem prezentacije rada muzejskih profesionalaca Srbije i prikazivanja primera dobre prakse iz zemlje i sveta.<\/p>\n<p>\u00a0<\/p>\n<p>Preuzmite \u010dasopise <b>ICOM Srbija:<\/b><\/p>\n<ul>\n<li> <i><a href=\"http:\/\/icom-serbia.mini.icom.museum\/wp-content\/uploads\/sites\/44\/2019\/01\/casopis__ICOM_SRBIJA__prvi_broj.pdf\" title=\"TEXT, casopis ICOM SRBIJA prvi broj, casopis__ICOM_SRBIJA__prvi_broj.pdf, 1.7 MB\">Edukacija u muzejima<\/a><\/i>.<\/li>\n<li> <i><a href=\"http:\/\/icom-serbia.mini.icom.museum\/wp-content\/uploads\/sites\/44\/2019\/01\/casopis_icom_2012.pdf\" title=\"TEXT, casopis icom 2012, casopis_icom_2012.pdf, 2.3 MB\">Muzeji u svetu koji se menja. Novi izazovi, nove perspektive<\/a><\/i>.<\/li>\n<li><a href=\"http:\/\/icom-serbia.mini.icom.museum\/wp-content\/uploads\/sites\/44\/2019\/01\/digitalna_strana_muzeja_2013.pdf\" title=\"TEXT, digitalna strana muzeja 2013, digitalna_strana_muzeja_2013.pdf, 2.4 MB\">Digitalna strana muzeja<\/a><\/li>\n<li><a href=\"http:\/\/icom-serbia.mini.icom.museum\/wp-content\/uploads\/sites\/44\/2019\/01\/Casopis_ICOM_SRBIJA_broj_4_za_2014.pdf\" title=\"TEXT, Casopis ICOM SRBIJA broj 4 za 2014, Casopis_ICOM_SRBIJA_broj_4_za_2014.pdf, 5.0 MB\">Muzeji i turizam<\/a><\/li>\n<li>Br.6 <a href=\"http:\/\/icom-serbia.mini.icom.museum\/wp-content\/uploads\/sites\/44\/2019\/01\/Casopis_6_Srb_web.pdf\" title=\"TEXT, Casopis 6 Srb web, Casopis_6_Srb_web.pdf, 2.7 MB\">Muzeji i sporne istorije<\/a> <\/li>\n<li>No.6 <a href=\"http:\/\/icom-serbia.mini.icom.museum\/wp-content\/uploads\/sites\/44\/2019\/01\/Casopis_6_Eng_web.pdf\" title=\"TEXT, Casopis 6 Eng web, Casopis_6_Eng_web.pdf, 3.0 MB\">Museums and contested histories<\/a> <\/li>\n<li>Br.7 <a href=\"http:\/\/icom-serbia.mini.icom.museum\/wp-content\/uploads\/sites\/44\/2019\/01\/ICOM_SRB_No_7.pdf\" title=\"TEXT, ICOM SRB No 7, ICOM_SRB_No_7.pdf, 2.6 MB\">Ekomuzeji\u00a0<\/a> <\/li>\n<li>No.7 <a href=\"http:\/\/icom-serbia.mini.icom.museum\/wp-content\/uploads\/sites\/44\/2019\/01\/ICOM_ENG_No_7.pdf\" title=\"TEXT, ICOM ENG No 7, ICOM_ENG_No_7.pdf, 1.8 MB\">Ecomuseums<\/a> <\/li>\n<li>Br.8 <a href=\"http:\/\/icom-serbia.mini.icom.museum\/wp-content\/uploads\/sites\/44\/2019\/01\/ICOM_jun_br.8_srp_.pdf\" title=\"ICOM_jun_br.8_srp_.pdf (4.3 MB)\">Redefinisani muzej<\/a> <\/li>\n<\/ul>\n<p> <!--  Text: [end] --> <\/div>\n<p> \t\t<!--  Image block: [end] --> \t\t\t   \t<!--  \t\tBEGIN: Content of extension \"hpo_relatedlink\", plugin \"tx_hporelatedlink_pi1\"  \t--> \t<\/p>\n<div> \t\t \t<\/div>\n<p> \t \t<!-- END: Content of extension \"hpo_relatedlink\", plugin \"tx_hporelatedlink_pi1\" -->  \t<\/div>\n<p> \t<!--  CONTENT ELEMENT, uid:9774\/textpic [end] --> \t\t<!--TYPO3SEARCH_end--> <\/div>\n","protected":false},"excerpt":{"rendered":"<p>\u010casopis Nacionalnog ICOM-a komiteta Srbije U decembru 2011. godine objavljen je prvi broj \u010dasopisa Nacionalnog komiteta ICOM Srbije. \u010casopis je tokom vremena menjao koncepte, ure\u0111iva\u010dke odbore, ali je ostao jedinstveno glasilo u regionu sa ciljem prezentacije rada muzejskih profesionalaca Srbije i prikazivanja primera dobre prakse iz zemlje i sveta. \u00a0 Preuzmite \u010dasopise ICOM Srbija: Edukacija [&hellip;]<\/p>\n","protected":false},"author":1,"featured_media":0,"parent":137,"menu_order":0,"comment_status":"closed","ping_status":"closed","template":"","meta":{"footnotes":""},"yst_prominent_words":[],"class_list":["post-231","page","type-page","status-publish","hentry"],"acf":[],"_links":{"self":[{"href":"https:\/\/icom-serbia.mini.icom.museum\/en\/wp-json\/wp\/v2\/pages\/231","targetHints":{"allow":["GET"]}}],"collection":[{"href":"https:\/\/icom-serbia.mini.icom.museum\/en\/wp-json\/wp\/v2\/pages"}],"about":[{"href":"https:\/\/icom-serbia.mini.icom.museum\/en\/wp-json\/wp\/v2\/types\/page"}],"author":[{"embeddable":true,"href":"https:\/\/icom-serbia.mini.icom.museum\/en\/wp-json\/wp\/v2\/users\/1"}],"replies":[{"embeddable":true,"href":"https:\/\/icom-serbia.mini.icom.museum\/en\/wp-json\/wp\/v2\/comments?post=231"}],"version-history":[{"count":1,"href":"https:\/\/icom-serbia.mini.icom.museum\/en\/wp-json\/wp\/v2\/pages\/231\/revisions"}],"predecessor-version":[{"id":463,"href":"https:\/\/icom-serbia.mini.icom.museum\/en\/wp-json\/wp\/v2\/pages\/231\/revisions\/463"}],"up":[{"embeddable":true,"href":"https:\/\/icom-serbia.mini.icom.museum\/en\/wp-json\/wp\/v2\/pages\/137"}],"wp:attachment":[{"href":"https:\/\/icom-serbia.mini.icom.museum\/en\/wp-json\/wp\/v2\/media?parent=231"}],"wp:term":[{"taxonomy":"yst_prominent_words","embeddable":true,"href":"https:\/\/icom-serbia.mini.icom.museum\/en\/wp-json\/wp\/v2\/yst_prominent_words?post=231"}],"curies":[{"name":"wp","href":"https:\/\/api.w.org\/{rel}","templated":true}]}}